{"id":82,"date":"2020-06-03T20:55:10","date_gmt":"2020-06-03T17:55:10","guid":{"rendered":"http:\/\/demo.safirtema.com\/rota\/?page_id=82"},"modified":"2024-10-20T23:31:57","modified_gmt":"2024-10-20T20:31:57","slug":"hakkimizda","status":"publish","type":"page","link":"http:\/\/www.kyrreklam.com\/?page_id=82","title":{"rendered":"Hakk\u0131m\u0131zda"},"content":{"rendered":"\n<figure class=\"wp-block-image size-full is-resized is-style-default\"><img loading=\"lazy\" decoding=\"async\" width=\"704\" height=\"273\" src=\"http:\/\/www.kyrreklam.com\/wp-content\/uploads\/kyr-logo.png\" alt=\"\" class=\"wp-image-331\" style=\"width:235px;height:auto\" srcset=\"http:\/\/www.kyrreklam.com\/wp-content\/uploads\/kyr-logo.png 704w, http:\/\/www.kyrreklam.com\/wp-content\/uploads\/kyr-logo-300x116.png 300w\" sizes=\"auto, (max-width: 704px) 100vw, 704px\" \/><\/figure>\n\n\n\n<p>2003 y\u0131l\u0131ndan bu yana sekt\u00f6rde olman\u0131n vermi\u015f oldu\u011fu bilgi ve tecr\u00fcbe ile \u0130stanbul\u2019da<br>KYR REKLAM VE TANITIM markas\u0131 ad\u0131 alt\u0131nda kurumsal, g\u00fcvenli, istikrarl\u0131, profesyonel ekibimizle                           A\u00e7\u0131khava reklam \u00e7\u00f6z\u00fcmleri sunmaktay\u0131z.<\/p>\n\n\n\n<p><br>Siz de\u011ferli m\u00fc\u015fterilerimize geni\u015f \u00fcr\u00fcn yelpazemiz ve geli\u015fen son teknoloji ve deneyimli ekibimizle hizmet vererek markam\u0131za de\u011fer kat\u0131yoruz.<\/p>\n\n\n\n<p>M\u00fc\u015fteri memnuniyetimiz \u00f6nceli\u011fimiz olup kendimizi s\u00fcrekli geli\u015ftirerek kal\u0131c\u0131, h\u0131zl\u0131 ve \u00e7\u00f6z\u00fcm odakl\u0131 hizmetler\u00a0 vermekteyiz.<\/p>\n\n\n\n<p>KYR REKLAM VE TANITIM A\u00e7\u0131khava reklam hizmetleri olarak; ke\u015fif, \u00f6l\u00e7\u00fc, tabela tasar\u0131m, dijital bask\u0131 \u00fcretim, sevkiyat, montaj birimlerimizi titizlikle y\u00f6netmekte olup, sizlere en h\u0131zl\u0131 ve en kaliteli hizmetleri sunuyoruz.<\/p>\n\n\n\n<p><\/p>\n\n\n\n<div class=\"wp-block-safirtema-mainheading mainHeading\"><div class=\"inner\"><div class=\"icon safiricon\"><svg class=\"safiricon-icon16\"><use href=\"#safiricon-icon16\"><\/use><\/svg><\/div><div class=\"text\">\u00c7\u00f6z\u00fcm Orta\u011f\u0131n\u0131z<\/div><\/div><\/div>\n\n\n\n<ul class=\"wp-block-list\">\n<li>M\u00fc\u015fteri Memnuniyeti<\/li>\n\n\n\n<li>G\u00fcvenilir Hizmet<\/li>\n\n\n\n<li>G\u00fc\u00e7l\u00fc Kadro<\/li>\n\n\n\n<li>7&#215;24 Destek<\/li>\n<\/ul>\n\n\n\n<p><\/p>\n\n\n\n<div class=\"wp-block-columns is-layout-flex wp-container-core-columns-is-layout-9d6595d7 wp-block-columns-is-layout-flex\">\n<div class=\"wp-block-column is-layout-flow wp-block-column-is-layout-flow\">\n<div class=\"wp-block-safirtema-mainheading mainHeading\"><div class=\"inner\"><div class=\"icon safiricon\"><svg class=\"safiricon-icon7\"><use href=\"#safiricon-icon7\"><\/use><\/svg><\/div><div class=\"text\">Misyonumuz<\/div><\/div><\/div>\n\n\n\n<p>\u00c7al\u0131\u015fma politikam\u0131z ticaretin ve sanayinin bulundu\u011fu her ortamda yer almakt\u0131r. %100 T\u00fcrk sermayeli kurulu\u015fu olan firmam\u0131z T\u00fcrkiye\u2019ye lay\u0131k, \u00f6rnek bir firma olman\u0131n bilincindedir. Kurulu\u015fundan bu yana \u00e7al\u0131\u015fmalar\u0131n\u0131 bu d\u00fc\u015f\u00fcnceyle y\u00fcr\u00fctm\u00fc\u015f, istikrar\u0131n\u0131 kararl\u0131l\u0131kla s\u00fcrd\u00fcrmektedir.<\/p>\n<\/div>\n\n\n\n<div class=\"wp-block-column is-layout-flow wp-block-column-is-layout-flow\">\n<div class=\"wp-block-safirtema-mainheading mainHeading\"><div class=\"inner\"><div class=\"icon safiricon\"><svg class=\"safiricon-icon3\"><use href=\"#safiricon-icon3\"><\/use><\/svg><\/div><div class=\"text\">Vizyonumuz<\/div><\/div><\/div>\n\n\n\n<p>Yerel ve Ulusal Reklamc\u0131l\u0131k sekt\u00f6r\u00fcne farkl\u0131 bir bak\u0131\u015f a\u00e7\u0131s\u0131 getirmek ve yeni bir ivme kazand\u0131rmak. A\u00e7\u0131khava reklam sekt\u00f6r\u00fcndeki meslek ahlak\u0131n\u0131 ve personel kalitesini hak etti\u011fi seviyeye ula\u015ft\u0131rmak. \u00dclkemizdeki reklamc\u0131l\u0131k standartlar\u0131 ile uluslararas\u0131 reklamc\u0131l\u0131k aras\u0131ndaki b\u00fcy\u00fck farklar\u0131 ortadan kald\u0131rmak i\u00e7in gerekli \u00e7al\u0131\u015fmalar\u0131 ger\u00e7ekle\u015ftirmek, yeterli katk\u0131y\u0131 yapmak, mesle\u011fimizin uluslararas\u0131 standartlara kavu\u015fmas\u0131 hatta daha ileri seviyelere ula\u015fmas\u0131 ve mesleki sayg\u0131nl\u0131\u011f\u0131 artt\u0131r\u0131lmas\u0131 i\u00e7in her t\u00fcrl\u00fc yasal giri\u015fimlerin ve organizasyonlar\u0131n i\u00e7inde bulunmak veya t\u00fcm bu s\u00fcre\u00e7lere \u00f6nc\u00fcl\u00fck etmek.<\/p>\n<\/div>\n<\/div>\n","protected":false},"excerpt":{"rendered":"<p>2003 y\u0131l\u0131ndan bu yana sekt\u00f6rde olman\u0131n vermi\u015f oldu\u011fu bilgi ve tecr\u00fcbe ile \u0130stanbul\u2019daKYR REKLAM VE TANITIM markas\u0131 ad\u0131 alt\u0131nda kurumsal, g\u00fcvenli, istikrarl\u0131, profesyonel ekibimizle A\u00e7\u0131khava reklam \u00e7\u00f6z\u00fcmleri sunmaktay\u0131z. Siz de\u011ferli m\u00fc\u015fterilerimize geni\u015f \u00fcr\u00fcn yelpazemiz ve geli\u015fen son teknoloji ve deneyimli ekibimizle hizmet vererek markam\u0131za de\u011fer kat\u0131yoruz. M\u00fc\u015fteri memnuniyetimiz \u00f6nceli\u011fimiz olup kendimizi s\u00fcrekli geli\u015ftirerek kal\u0131c\u0131, h\u0131zl\u0131 [&hellip;]<\/p>\n","protected":false},"author":1,"featured_media":0,"parent":0,"menu_order":0,"comment_status":"closed","ping_status":"closed","template":"","meta":{"footnotes":""},"class_list":["post-82","page","type-page","status-publish","hentry"],"aioseo_notices":[],"yoast_head":"<!-- This site is optimized with the Yoast SEO plugin v23.6 - https:\/\/yoast.com\/wordpress\/plugins\/seo\/ -->\n<title>Hakk\u0131m\u0131zda - KYR Reklam<\/title>\n<meta name=\"robots\" content=\"index, follow, max-snippet:-1, max-image-preview:large, max-video-preview:-1\" \/>\n<link rel=\"canonical\" href=\"http:\/\/www.kyrreklam.com\/?page_id=82\" \/>\n<meta property=\"og:locale\" content=\"tr_TR\" \/>\n<meta property=\"og:type\" content=\"article\" \/>\n<meta property=\"og:title\" content=\"Hakk\u0131m\u0131zda - KYR Reklam\" \/>\n<meta property=\"og:description\" content=\"2003 y\u0131l\u0131ndan bu yana sekt\u00f6rde olman\u0131n vermi\u015f oldu\u011fu bilgi ve tecr\u00fcbe ile \u0130stanbul\u2019daKYR REKLAM VE TANITIM markas\u0131 ad\u0131 alt\u0131nda kurumsal, g\u00fcvenli, istikrarl\u0131, profesyonel ekibimizle A\u00e7\u0131khava reklam \u00e7\u00f6z\u00fcmleri sunmaktay\u0131z. Siz de\u011ferli m\u00fc\u015fterilerimize geni\u015f \u00fcr\u00fcn yelpazemiz ve geli\u015fen son teknoloji ve deneyimli ekibimizle hizmet vererek markam\u0131za de\u011fer kat\u0131yoruz. M\u00fc\u015fteri memnuniyetimiz \u00f6nceli\u011fimiz olup kendimizi s\u00fcrekli geli\u015ftirerek kal\u0131c\u0131, h\u0131zl\u0131 [&hellip;]\" \/>\n<meta property=\"og:url\" content=\"http:\/\/www.kyrreklam.com\/?page_id=82\" \/>\n<meta property=\"og:site_name\" content=\"KYR Reklam\" \/>\n<meta property=\"article:modified_time\" content=\"2024-10-20T20:31:57+00:00\" \/>\n<meta property=\"og:image\" content=\"http:\/\/www.kyrreklam.com\/wp-content\/uploads\/kyr-logo.png\" \/>\n\t<meta property=\"og:image:width\" content=\"704\" \/>\n\t<meta property=\"og:image:height\" content=\"273\" \/>\n\t<meta property=\"og:image:type\" content=\"image\/png\" \/>\n<meta name=\"twitter:card\" content=\"summary_large_image\" \/>\n<meta name=\"twitter:label1\" content=\"Tahmini okuma s\u00fcresi\" \/>\n\t<meta name=\"twitter:data1\" content=\"2 dakika\" \/>\n<script type=\"application\/ld+json\" class=\"yoast-schema-graph\">{\"@context\":\"https:\/\/schema.org\",\"@graph\":[{\"@type\":\"WebPage\",\"@id\":\"http:\/\/www.kyrreklam.com\/?page_id=82\",\"url\":\"http:\/\/www.kyrreklam.com\/?page_id=82\",\"name\":\"Hakk\u0131m\u0131zda - KYR Reklam\",\"isPartOf\":{\"@id\":\"http:\/\/www.kyrreklam.com\/#website\"},\"primaryImageOfPage\":{\"@id\":\"http:\/\/www.kyrreklam.com\/?page_id=82#primaryimage\"},\"image\":{\"@id\":\"http:\/\/www.kyrreklam.com\/?page_id=82#primaryimage\"},\"thumbnailUrl\":\"http:\/\/www.kyrreklam.com\/wp-content\/uploads\/kyr-logo.png\",\"datePublished\":\"2020-06-03T17:55:10+00:00\",\"dateModified\":\"2024-10-20T20:31:57+00:00\",\"breadcrumb\":{\"@id\":\"http:\/\/www.kyrreklam.com\/?page_id=82#breadcrumb\"},\"inLanguage\":\"tr\",\"potentialAction\":[{\"@type\":\"ReadAction\",\"target\":[\"http:\/\/www.kyrreklam.com\/?page_id=82\"]}]},{\"@type\":\"ImageObject\",\"inLanguage\":\"tr\",\"@id\":\"http:\/\/www.kyrreklam.com\/?page_id=82#primaryimage\",\"url\":\"http:\/\/www.kyrreklam.com\/wp-content\/uploads\/kyr-logo.png\",\"contentUrl\":\"http:\/\/www.kyrreklam.com\/wp-content\/uploads\/kyr-logo.png\",\"width\":704,\"height\":273},{\"@type\":\"BreadcrumbList\",\"@id\":\"http:\/\/www.kyrreklam.com\/?page_id=82#breadcrumb\",\"itemListElement\":[{\"@type\":\"ListItem\",\"position\":1,\"name\":\"Anasayfa\",\"item\":\"http:\/\/www.kyrreklam.com\/\"},{\"@type\":\"ListItem\",\"position\":2,\"name\":\"Hakk\u0131m\u0131zda\"}]},{\"@type\":\"WebSite\",\"@id\":\"http:\/\/www.kyrreklam.com\/#website\",\"url\":\"http:\/\/www.kyrreklam.com\/\",\"name\":\"KYR Reklam\",\"description\":\"\",\"potentialAction\":[{\"@type\":\"SearchAction\",\"target\":{\"@type\":\"EntryPoint\",\"urlTemplate\":\"http:\/\/www.kyrreklam.com\/?s={search_term_string}\"},\"query-input\":{\"@type\":\"PropertyValueSpecification\",\"valueRequired\":true,\"valueName\":\"search_term_string\"}}],\"inLanguage\":\"tr\"}]}<\/script>\n<!-- \/ Yoast SEO plugin. -->","yoast_head_json":{"title":"Hakk\u0131m\u0131zda - KYR Reklam","robots":{"index":"index","follow":"follow","max-snippet":"max-snippet:-1","max-image-preview":"max-image-preview:large","max-video-preview":"max-video-preview:-1"},"canonical":"http:\/\/www.kyrreklam.com\/?page_id=82","og_locale":"tr_TR","og_type":"article","og_title":"Hakk\u0131m\u0131zda - KYR Reklam","og_description":"2003 y\u0131l\u0131ndan bu yana sekt\u00f6rde olman\u0131n vermi\u015f oldu\u011fu bilgi ve tecr\u00fcbe ile \u0130stanbul\u2019daKYR REKLAM VE TANITIM markas\u0131 ad\u0131 alt\u0131nda kurumsal, g\u00fcvenli, istikrarl\u0131, profesyonel ekibimizle A\u00e7\u0131khava reklam \u00e7\u00f6z\u00fcmleri sunmaktay\u0131z. Siz de\u011ferli m\u00fc\u015fterilerimize geni\u015f \u00fcr\u00fcn yelpazemiz ve geli\u015fen son teknoloji ve deneyimli ekibimizle hizmet vererek markam\u0131za de\u011fer kat\u0131yoruz. M\u00fc\u015fteri memnuniyetimiz \u00f6nceli\u011fimiz olup kendimizi s\u00fcrekli geli\u015ftirerek kal\u0131c\u0131, h\u0131zl\u0131 [&hellip;]","og_url":"http:\/\/www.kyrreklam.com\/?page_id=82","og_site_name":"KYR Reklam","article_modified_time":"2024-10-20T20:31:57+00:00","og_image":[{"width":704,"height":273,"url":"http:\/\/www.kyrreklam.com\/wp-content\/uploads\/kyr-logo.png","type":"image\/png"}],"twitter_card":"summary_large_image","twitter_misc":{"Tahmini okuma s\u00fcresi":"2 dakika"},"schema":{"@context":"https:\/\/schema.org","@graph":[{"@type":"WebPage","@id":"http:\/\/www.kyrreklam.com\/?page_id=82","url":"http:\/\/www.kyrreklam.com\/?page_id=82","name":"Hakk\u0131m\u0131zda - KYR Reklam","isPartOf":{"@id":"http:\/\/www.kyrreklam.com\/#website"},"primaryImageOfPage":{"@id":"http:\/\/www.kyrreklam.com\/?page_id=82#primaryimage"},"image":{"@id":"http:\/\/www.kyrreklam.com\/?page_id=82#primaryimage"},"thumbnailUrl":"http:\/\/www.kyrreklam.com\/wp-content\/uploads\/kyr-logo.png","datePublished":"2020-06-03T17:55:10+00:00","dateModified":"2024-10-20T20:31:57+00:00","breadcrumb":{"@id":"http:\/\/www.kyrreklam.com\/?page_id=82#breadcrumb"},"inLanguage":"tr","potentialAction":[{"@type":"ReadAction","target":["http:\/\/www.kyrreklam.com\/?page_id=82"]}]},{"@type":"ImageObject","inLanguage":"tr","@id":"http:\/\/www.kyrreklam.com\/?page_id=82#primaryimage","url":"http:\/\/www.kyrreklam.com\/wp-content\/uploads\/kyr-logo.png","contentUrl":"http:\/\/www.kyrreklam.com\/wp-content\/uploads\/kyr-logo.png","width":704,"height":273},{"@type":"BreadcrumbList","@id":"http:\/\/www.kyrreklam.com\/?page_id=82#breadcrumb","itemListElement":[{"@type":"ListItem","position":1,"name":"Anasayfa","item":"http:\/\/www.kyrreklam.com\/"},{"@type":"ListItem","position":2,"name":"Hakk\u0131m\u0131zda"}]},{"@type":"WebSite","@id":"http:\/\/www.kyrreklam.com\/#website","url":"http:\/\/www.kyrreklam.com\/","name":"KYR Reklam","description":"","potentialAction":[{"@type":"SearchAction","target":{"@type":"EntryPoint","urlTemplate":"http:\/\/www.kyrreklam.com\/?s={search_term_string}"},"query-input":{"@type":"PropertyValueSpecification","valueRequired":true,"valueName":"search_term_string"}}],"inLanguage":"tr"}]}},"_links":{"self":[{"href":"http:\/\/www.kyrreklam.com\/index.php?rest_route=\/wp\/v2\/pages\/82","targetHints":{"allow":["GET"]}}],"collection":[{"href":"http:\/\/www.kyrreklam.com\/index.php?rest_route=\/wp\/v2\/pages"}],"about":[{"href":"http:\/\/www.kyrreklam.com\/index.php?rest_route=\/wp\/v2\/types\/page"}],"author":[{"embeddable":true,"href":"http:\/\/www.kyrreklam.com\/index.php?rest_route=\/wp\/v2\/users\/1"}],"replies":[{"embeddable":true,"href":"http:\/\/www.kyrreklam.com\/index.php?rest_route=%2Fwp%2Fv2%2Fcomments&post=82"}],"version-history":[{"count":15,"href":"http:\/\/www.kyrreklam.com\/index.php?rest_route=\/wp\/v2\/pages\/82\/revisions"}],"predecessor-version":[{"id":926,"href":"http:\/\/www.kyrreklam.com\/index.php?rest_route=\/wp\/v2\/pages\/82\/revisions\/926"}],"wp:attachment":[{"href":"http:\/\/www.kyrreklam.com\/index.php?rest_route=%2Fwp%2Fv2%2Fmedia&parent=82"}],"curies":[{"name":"wp","href":"https:\/\/api.w.org\/{rel}","templated":true}]}}